{"id":2178,"date":"2024-09-26T13:33:10","date_gmt":"2024-09-26T13:33:10","guid":{"rendered":"https:\/\/www.akturk.com.tr\/?page_id=2178"},"modified":"2024-09-30T18:14:25","modified_gmt":"2024-09-30T18:14:25","slug":"sanayi-projeleri","status":"publish","type":"page","link":"http:\/\/www.akturk.com.tr\/en\/sanayi-projeleri","title":{"rendered":"INDUSTRIAL PROJECTS"},"content":{"rendered":"<div data-elementor-type=\"wp-page\" data-elementor-id=\"2178\" class=\"elementor elementor-2178\" data-elementor-post-type=\"page\">\n\t\t\t\t<div class=\"elementor-element elementor-element-73908ff e-flex e-con-boxed e-con e-parent\" data-id=\"73908ff\" data-element_type=\"container\">\n\t\t\t\t\t<div class=\"e-con-inner\">\n\t\t<div class=\"elementor-element elementor-element-6b95e4d e-con-full e-flex e-con e-child\" data-id=\"6b95e4d\" data-element_type=\"container\">\n\t\t\t\t<div class=\"elementor-element elementor-element-4ed7ff8 elementor-widget elementor-widget-image\" data-id=\"4ed7ff8\" data-element_type=\"widget\" data-widget_type=\"image.default\">\n\t\t\t\t<div class=\"elementor-widget-container\">\n\t\t\t\t\t\t\t\t\t\t\t\t\t<img fetchpriority=\"high\" decoding=\"async\" width=\"659\" height=\"460\" src=\"https:\/\/www.akturk.com.tr\/wp-content\/uploads\/2024\/09\/OSTIM-KUCUK-SANAYI.jpeg\" class=\"attachment-full size-full wp-image-2583\" alt=\"\" srcset=\"https:\/\/www.akturk.com.tr\/wp-content\/uploads\/2024\/09\/OSTIM-KUCUK-SANAYI.jpeg 659w, https:\/\/www.akturk.com.tr\/wp-content\/uploads\/2024\/09\/OSTIM-KUCUK-SANAYI-300x209.jpeg 300w\" sizes=\"(max-width: 659px) 100vw, 659px\" \/>\t\t\t\t\t\t\t\t\t\t\t\t\t<\/div>\n\t\t\t\t<\/div>\n\t\t\t\t<\/div>\n\t\t<div class=\"elementor-element elementor-element-85997b3 e-con-full e-flex e-con e-child\" data-id=\"85997b3\" data-element_type=\"container\">\n\t\t\t\t<div class=\"elementor-element elementor-element-6e715a3 elementor-widget elementor-widget-heading\" data-id=\"6e715a3\" data-element_type=\"widget\" data-widget_type=\"heading.default\">\n\t\t\t\t<div class=\"elementor-widget-container\">\n\t\t\t<h2 class=\"elementor-heading-title elementor-size-default\">ANKARA OSTIM SMALL INDUSTRY SITE<\/h2>\t\t<\/div>\n\t\t\t\t<\/div>\n\t\t\t\t<div class=\"elementor-element elementor-element-7272a1c elementor-widget elementor-widget-text-editor\" data-id=\"7272a1c\" data-element_type=\"widget\" data-widget_type=\"text-editor.default\">\n\t\t\t\t<div class=\"elementor-widget-container\">\n\t\t\t\t\t\t\t<p>The Ostim Small Industry Site, consisting of 250 independent units over a construction area of 60,000 m\u00b2, was built in Bat\u0131kent using a fully prefabricated system. Designed and constructed by Akt\u00fcrk, the project was delivered 6 months ahead of schedule, earning appreciation.<\/p>\t\t\t\t\t\t<\/div>\n\t\t\t\t<\/div>\n\t\t\t\t<\/div>\n\t\t\t\t\t<\/div>\n\t\t\t\t<\/div>\n\t\t<div class=\"elementor-element elementor-element-d1a3eac e-flex e-con-boxed e-con e-parent\" data-id=\"d1a3eac\" data-element_type=\"container\">\n\t\t\t\t\t<div class=\"e-con-inner\">\n\t\t<div class=\"elementor-element elementor-element-70c30ac e-con-full e-flex e-con e-child\" data-id=\"70c30ac\" data-element_type=\"container\">\n\t\t\t\t<div class=\"elementor-element elementor-element-ae974a1 elementor-widget elementor-widget-image\" data-id=\"ae974a1\" data-element_type=\"widget\" data-widget_type=\"image.default\">\n\t\t\t\t<div class=\"elementor-widget-container\">\n\t\t\t\t\t\t\t\t\t\t\t\t\t<img decoding=\"async\" width=\"542\" height=\"512\" src=\"https:\/\/www.akturk.com.tr\/wp-content\/uploads\/2024\/09\/ashap-fabrikasi-nascor.jpg\" class=\"attachment-full size-full wp-image-2584\" alt=\"\" srcset=\"https:\/\/www.akturk.com.tr\/wp-content\/uploads\/2024\/09\/ashap-fabrikasi-nascor.jpg 542w, https:\/\/www.akturk.com.tr\/wp-content\/uploads\/2024\/09\/ashap-fabrikasi-nascor-300x283.jpg 300w\" sizes=\"(max-width: 542px) 100vw, 542px\" \/>\t\t\t\t\t\t\t\t\t\t\t\t\t<\/div>\n\t\t\t\t<\/div>\n\t\t\t\t<\/div>\n\t\t<div class=\"elementor-element elementor-element-18fa9f8 e-con-full e-flex e-con e-child\" data-id=\"18fa9f8\" data-element_type=\"container\">\n\t\t\t\t<div class=\"elementor-element elementor-element-215c7f2 elementor-widget elementor-widget-heading\" data-id=\"215c7f2\" data-element_type=\"widget\" data-widget_type=\"heading.default\">\n\t\t\t\t<div class=\"elementor-widget-container\">\n\t\t\t<h2 class=\"elementor-heading-title elementor-size-default\">NASCOR WOOD FACTORY<\/h2>\t\t<\/div>\n\t\t\t\t<\/div>\n\t\t\t\t<div class=\"elementor-element elementor-element-1efeec4 elementor-widget elementor-widget-text-editor\" data-id=\"1efeec4\" data-element_type=\"widget\" data-widget_type=\"text-editor.default\">\n\t\t\t\t<div class=\"elementor-widget-container\">\n\t\t\t\t\t\t\t<p>Akt\u00fcrk\u2019s Nascor Advanced Timber Construction Systems Factory, established in Etimesgut, operates on a 27-acre site with approximately 13,000 m\u00b2 of closed area. This factory, producing the world\u2019s leading building technology\u2014high-performance, energy-efficient, and healthy Nascor advanced timber load-bearing systems\u2014operates under the assurance of Akt\u00fcrk and high-quality standards, with a skilled workforce and advanced machinery.<\/p>\t\t\t\t\t\t<\/div>\n\t\t\t\t<\/div>\n\t\t\t\t<\/div>\n\t\t\t\t\t<\/div>\n\t\t\t\t<\/div>\n\t\t<div class=\"elementor-element elementor-element-c06895f e-flex e-con-boxed e-con e-parent\" data-id=\"c06895f\" data-element_type=\"container\">\n\t\t\t\t\t<div class=\"e-con-inner\">\n\t\t<div class=\"elementor-element elementor-element-38eea23 e-con-full e-flex e-con e-child\" data-id=\"38eea23\" data-element_type=\"container\">\n\t\t\t\t<div class=\"elementor-element elementor-element-85a16cf elementor-widget elementor-widget-image\" data-id=\"85a16cf\" data-element_type=\"widget\" data-widget_type=\"image.default\">\n\t\t\t\t<div class=\"elementor-widget-container\">\n\t\t\t\t\t\t\t\t\t\t\t\t\t<img decoding=\"async\" width=\"542\" height=\"512\" src=\"https:\/\/www.akturk.com.tr\/wp-content\/uploads\/2024\/09\/ankara-cop-isleme-tesisi.jpg\" class=\"attachment-full size-full wp-image-2585\" alt=\"\" srcset=\"https:\/\/www.akturk.com.tr\/wp-content\/uploads\/2024\/09\/ankara-cop-isleme-tesisi.jpg 542w, https:\/\/www.akturk.com.tr\/wp-content\/uploads\/2024\/09\/ankara-cop-isleme-tesisi-300x283.jpg 300w\" sizes=\"(max-width: 542px) 100vw, 542px\" \/>\t\t\t\t\t\t\t\t\t\t\t\t\t<\/div>\n\t\t\t\t<\/div>\n\t\t\t\t<\/div>\n\t\t<div class=\"elementor-element elementor-element-bf1fc20 e-con-full e-flex e-con e-child\" data-id=\"bf1fc20\" data-element_type=\"container\">\n\t\t\t\t<div class=\"elementor-element elementor-element-8a89dd6 elementor-widget elementor-widget-heading\" data-id=\"8a89dd6\" data-element_type=\"widget\" data-widget_type=\"heading.default\">\n\t\t\t\t<div class=\"elementor-widget-container\">\n\t\t\t<h2 class=\"elementor-heading-title elementor-size-default\">ANKARA FIRST WASTE PROCESSING FACILITY<\/h2>\t\t<\/div>\n\t\t\t\t<\/div>\n\t\t\t\t<div class=\"elementor-element elementor-element-dcf2a1d elementor-widget elementor-widget-text-editor\" data-id=\"dcf2a1d\" data-element_type=\"widget\" data-widget_type=\"text-editor.default\">\n\t\t\t\t<div class=\"elementor-widget-container\">\n\t\t\t\t\t\t\t<p>Constructed by Akt\u00fcrk Yap\u0131 and handed over to the administration in 1984, this facility evaluates all components of integrated waste management as a whole, aiming for sustainability from both environmental and economic perspectives. In this context, a modern facility structure appropriate for the conditions of the past was built.<\/p>\t\t\t\t\t\t<\/div>\n\t\t\t\t<\/div>\n\t\t\t\t<\/div>\n\t\t\t\t\t<\/div>\n\t\t\t\t<\/div>\n\t\t\t\t<\/div>","protected":false},"excerpt":{"rendered":"<p>ANKARA OSTI\u0307M K\u00dc\u00c7\u00dcK SANAYI\u0307 SI\u0307TESI\u0307 60.000 m2 ins\u0327aat alan\u0131 \u00fczerine 250 bag\u0306\u0131ms\u0131z birimden olus\u0327an Ostim K\u00fc\u00e7\u00fck Sanayi Sitesi, tam prefabrik sistemle Bat\u0131kentte ins\u0327a edilmis\u0327tir. Tasar\u0131m ve ins\u0327aat\u0131 Akt\u00fcrk taraf\u0131ndan ger\u00e7ekles\u0327tirilen proje, taahh\u00fct edilenden 6 ay \u00f6nce teslim edilerek takdir toplam\u0131s\u0327t\u0131r. NASCOR AHS\u0327AP FABRI\u0307KASI Akt\u00fcrk\u2019\u00fcn Etimesgut\u2019ta kurulan, Kanada lisansl\u0131 Nascor ileri Ahs\u0327ap Yap\u0131 Sistemleri Fabrikas\u0131, 27<\/p>","protected":false},"author":1,"featured_media":0,"parent":0,"menu_order":0,"comment_status":"closed","ping_status":"closed","template":"elementor_header_footer","meta":{"inline_featured_image":false,"footnotes":""},"class_list":["post-2178","page","type-page","status-publish","hentry"],"_links":{"self":[{"href":"http:\/\/www.akturk.com.tr\/en\/wp-json\/wp\/v2\/pages\/2178","targetHints":{"allow":["GET"]}}],"collection":[{"href":"http:\/\/www.akturk.com.tr\/en\/wp-json\/wp\/v2\/pages"}],"about":[{"href":"http:\/\/www.akturk.com.tr\/en\/wp-json\/wp\/v2\/types\/page"}],"author":[{"embeddable":true,"href":"http:\/\/www.akturk.com.tr\/en\/wp-json\/wp\/v2\/users\/1"}],"replies":[{"embeddable":true,"href":"http:\/\/www.akturk.com.tr\/en\/wp-json\/wp\/v2\/comments?post=2178"}],"version-history":[{"count":13,"href":"http:\/\/www.akturk.com.tr\/en\/wp-json\/wp\/v2\/pages\/2178\/revisions"}],"predecessor-version":[{"id":2588,"href":"http:\/\/www.akturk.com.tr\/en\/wp-json\/wp\/v2\/pages\/2178\/revisions\/2588"}],"wp:attachment":[{"href":"http:\/\/www.akturk.com.tr\/en\/wp-json\/wp\/v2\/media?parent=2178"}],"curies":[{"name":"wp","href":"https:\/\/api.w.org\/{rel}","templated":true}]}}