{"id":2190,"date":"2024-09-26T13:36:18","date_gmt":"2024-09-26T13:36:18","guid":{"rendered":"https:\/\/www.akturk.com.tr\/?page_id=2190"},"modified":"2024-09-30T17:57:13","modified_gmt":"2024-09-30T17:57:13","slug":"sosyal-sorumluluk-projeleri","status":"publish","type":"page","link":"http:\/\/www.akturk.com.tr\/en\/sosyal-sorumluluk-projeleri","title":{"rendered":"SOCIAL RESPONSIBILITY PROJECTS"},"content":{"rendered":"<div data-elementor-type=\"wp-page\" data-elementor-id=\"2190\" class=\"elementor elementor-2190\" data-elementor-post-type=\"page\">\n\t\t\t\t<div class=\"elementor-element elementor-element-73908ff e-flex e-con-boxed e-con e-parent\" data-id=\"73908ff\" data-element_type=\"container\">\n\t\t\t\t\t<div class=\"e-con-inner\">\n\t\t<div class=\"elementor-element elementor-element-6b95e4d e-con-full e-flex e-con e-child\" data-id=\"6b95e4d\" data-element_type=\"container\">\n\t\t\t\t<div class=\"elementor-element elementor-element-4ed7ff8 elementor-widget elementor-widget-image\" data-id=\"4ed7ff8\" data-element_type=\"widget\" data-widget_type=\"image.default\">\n\t\t\t\t<div class=\"elementor-widget-container\">\n\t\t\t\t\t\t\t\t\t\t\t\t\t<img fetchpriority=\"high\" decoding=\"async\" width=\"542\" height=\"512\" src=\"https:\/\/www.akturk.com.tr\/wp-content\/uploads\/2024\/09\/adapazari-emine-akturk-kresi.jpg\" class=\"attachment-full size-full wp-image-2487\" alt=\"\" srcset=\"https:\/\/www.akturk.com.tr\/wp-content\/uploads\/2024\/09\/adapazari-emine-akturk-kresi.jpg 542w, https:\/\/www.akturk.com.tr\/wp-content\/uploads\/2024\/09\/adapazari-emine-akturk-kresi-300x283.jpg 300w\" sizes=\"(max-width: 542px) 100vw, 542px\" \/>\t\t\t\t\t\t\t\t\t\t\t\t\t<\/div>\n\t\t\t\t<\/div>\n\t\t\t\t<\/div>\n\t\t<div class=\"elementor-element elementor-element-85997b3 e-con-full e-flex e-con e-child\" data-id=\"85997b3\" data-element_type=\"container\">\n\t\t\t\t<div class=\"elementor-element elementor-element-6e715a3 elementor-widget elementor-widget-heading\" data-id=\"6e715a3\" data-element_type=\"widget\" data-widget_type=\"heading.default\">\n\t\t\t\t<div class=\"elementor-widget-container\">\n\t\t\t<h2 class=\"elementor-heading-title elementor-size-default\">ADAPAZARI \u201cEM\u0130NE AKT\u00dcRK\u201d NURSERY<\/h2>\t\t<\/div>\n\t\t\t\t<\/div>\n\t\t\t\t<div class=\"elementor-element elementor-element-7272a1c elementor-widget elementor-widget-text-editor\" data-id=\"7272a1c\" data-element_type=\"widget\" data-widget_type=\"text-editor.default\">\n\t\t\t\t<div class=\"elementor-widget-container\">\n\t\t\t\t\t\t\t<p>Akt\u00fcrk considers its primary responsibility in every project it undertakes to open a clean page for humanity in harmony with nature, referencing the natural environment. The company aims to contribute to our country by creating social living spaces that are rich in content, humanistic, and architecturally ethical. Along with its corporate initiatives aimed at providing social contributions, Akt\u00fcrk views its environmentally friendly approach, sensitivity to ecological balance, and sustainable energy policies in all projects as essential parts of its architectural responsibility. This includes implementing creative industrial solutions focused on climate awareness and energy savings.<\/p>\t\t\t\t\t\t<\/div>\n\t\t\t\t<\/div>\n\t\t\t\t<\/div>\n\t\t\t\t\t<\/div>\n\t\t\t\t<\/div>\n\t\t<div class=\"elementor-element elementor-element-d1a3eac e-flex e-con-boxed e-con e-parent\" data-id=\"d1a3eac\" data-element_type=\"container\">\n\t\t\t\t\t<div class=\"e-con-inner\">\n\t\t<div class=\"elementor-element elementor-element-70c30ac e-con-full e-flex e-con e-child\" data-id=\"70c30ac\" data-element_type=\"container\">\n\t\t\t\t<div class=\"elementor-element elementor-element-ae974a1 elementor-widget elementor-widget-image\" data-id=\"ae974a1\" data-element_type=\"widget\" data-widget_type=\"image.default\">\n\t\t\t\t<div class=\"elementor-widget-container\">\n\t\t\t\t\t\t\t\t\t\t\t\t\t<img decoding=\"async\" width=\"536\" height=\"510\" src=\"https:\/\/www.akturk.com.tr\/wp-content\/uploads\/2024\/09\/akturk-ozel-egitim-uygulama-okulu.jpg\" class=\"attachment-full size-full wp-image-2488\" alt=\"\" srcset=\"https:\/\/www.akturk.com.tr\/wp-content\/uploads\/2024\/09\/akturk-ozel-egitim-uygulama-okulu.jpg 536w, https:\/\/www.akturk.com.tr\/wp-content\/uploads\/2024\/09\/akturk-ozel-egitim-uygulama-okulu-300x285.jpg 300w\" sizes=\"(max-width: 536px) 100vw, 536px\" \/>\t\t\t\t\t\t\t\t\t\t\t\t\t<\/div>\n\t\t\t\t<\/div>\n\t\t\t\t<\/div>\n\t\t<div class=\"elementor-element elementor-element-18fa9f8 e-con-full e-flex e-con e-child\" data-id=\"18fa9f8\" data-element_type=\"container\">\n\t\t\t\t<div class=\"elementor-element elementor-element-215c7f2 elementor-widget elementor-widget-heading\" data-id=\"215c7f2\" data-element_type=\"widget\" data-widget_type=\"heading.default\">\n\t\t\t\t<div class=\"elementor-widget-container\">\n\t\t\t<h2 class=\"elementor-heading-title elementor-size-default\">ALI AKT\u00dcRK SPECIAL EDUCATION APPLICATION SCHOOL<\/h2>\t\t<\/div>\n\t\t\t\t<\/div>\n\t\t\t\t<\/div>\n\t\t\t\t\t<\/div>\n\t\t\t\t<\/div>\n\t\t<div class=\"elementor-element elementor-element-c06895f e-flex e-con-boxed e-con e-parent\" data-id=\"c06895f\" data-element_type=\"container\">\n\t\t\t\t\t<div class=\"e-con-inner\">\n\t\t<div class=\"elementor-element elementor-element-38eea23 e-con-full e-flex e-con e-child\" data-id=\"38eea23\" data-element_type=\"container\">\n\t\t\t\t<div class=\"elementor-element elementor-element-85a16cf elementor-widget elementor-widget-image\" data-id=\"85a16cf\" data-element_type=\"widget\" data-widget_type=\"image.default\">\n\t\t\t\t<div class=\"elementor-widget-container\">\n\t\t\t\t\t\t\t\t\t\t\t\t\t<img decoding=\"async\" width=\"538\" height=\"512\" src=\"https:\/\/www.akturk.com.tr\/wp-content\/uploads\/2024\/09\/emine-akturk-aile-sagligi-merkezi.jpg\" class=\"attachment-full size-full wp-image-2489\" alt=\"\" srcset=\"https:\/\/www.akturk.com.tr\/wp-content\/uploads\/2024\/09\/emine-akturk-aile-sagligi-merkezi.jpg 538w, https:\/\/www.akturk.com.tr\/wp-content\/uploads\/2024\/09\/emine-akturk-aile-sagligi-merkezi-300x286.jpg 300w\" sizes=\"(max-width: 538px) 100vw, 538px\" \/>\t\t\t\t\t\t\t\t\t\t\t\t\t<\/div>\n\t\t\t\t<\/div>\n\t\t\t\t<\/div>\n\t\t<div class=\"elementor-element elementor-element-bf1fc20 e-con-full e-flex e-con e-child\" data-id=\"bf1fc20\" data-element_type=\"container\">\n\t\t\t\t<div class=\"elementor-element elementor-element-8a89dd6 elementor-widget elementor-widget-heading\" data-id=\"8a89dd6\" data-element_type=\"widget\" data-widget_type=\"heading.default\">\n\t\t\t\t<div class=\"elementor-widget-container\">\n\t\t\t<h2 class=\"elementor-heading-title elementor-size-default\">EM\u0130NE AKT\u00dcRK FAMILY HEALTH CENTER<\/h2>\t\t<\/div>\n\t\t\t\t<\/div>\n\t\t\t\t<\/div>\n\t\t\t\t\t<\/div>\n\t\t\t\t<\/div>\n\t\t\t\t<\/div>","protected":false},"excerpt":{"rendered":"<p>ADAPAZARI \u201cEMI\u0307NE AKT\u00dcRK\u201d KRES\u0327I\u0307 Akt\u00fcrk, ele ald\u0131g\u0306\u0131 her projede, dog\u0306al \u00e7evreyi referans alarak, insan i\u00e7in dog\u0306ayla bar\u0131s\u0327\u0131k temiz bir sayfa a\u00e7may\u0131 ve \u00fclkemize i\u00e7erig\u0306i g\u00fc\u00e7l\u00fc, h\u00fcmanist ve mimari etig\u0306e uygun sosyal yas\u0327am alanlar\u0131 kazand\u0131rmay\u0131 bas\u0327l\u0131ca sorumlulug\u0306u olarak deg\u0306erlendirmektedir. Toplumsal katk\u0131 sunmak ad\u0131na hayata ge\u00e7irdig\u0306i kurumsal giris\u0327imleri oldug\u0306u kadar, ger\u00e7ekles\u0327tirdig\u0306i t\u00fcm projelerde sergiledig\u0306i \u00e7evre dostu tavr\u0131,<\/p>","protected":false},"author":1,"featured_media":0,"parent":0,"menu_order":0,"comment_status":"closed","ping_status":"closed","template":"elementor_header_footer","meta":{"inline_featured_image":false,"footnotes":""},"class_list":["post-2190","page","type-page","status-publish","hentry"],"_links":{"self":[{"href":"http:\/\/www.akturk.com.tr\/en\/wp-json\/wp\/v2\/pages\/2190","targetHints":{"allow":["GET"]}}],"collection":[{"href":"http:\/\/www.akturk.com.tr\/en\/wp-json\/wp\/v2\/pages"}],"about":[{"href":"http:\/\/www.akturk.com.tr\/en\/wp-json\/wp\/v2\/types\/page"}],"author":[{"embeddable":true,"href":"http:\/\/www.akturk.com.tr\/en\/wp-json\/wp\/v2\/users\/1"}],"replies":[{"embeddable":true,"href":"http:\/\/www.akturk.com.tr\/en\/wp-json\/wp\/v2\/comments?post=2190"}],"version-history":[{"count":13,"href":"http:\/\/www.akturk.com.tr\/en\/wp-json\/wp\/v2\/pages\/2190\/revisions"}],"predecessor-version":[{"id":2557,"href":"http:\/\/www.akturk.com.tr\/en\/wp-json\/wp\/v2\/pages\/2190\/revisions\/2557"}],"wp:attachment":[{"href":"http:\/\/www.akturk.com.tr\/en\/wp-json\/wp\/v2\/media?parent=2190"}],"curies":[{"name":"wp","href":"https:\/\/api.w.org\/{rel}","templated":true}]}}