{"id":2209,"date":"2024-09-26T13:40:33","date_gmt":"2024-09-26T13:40:33","guid":{"rendered":"https:\/\/www.akturk.com.tr\/?page_id=2209"},"modified":"2024-10-03T13:35:25","modified_gmt":"2024-10-03T13:35:25","slug":"askeri-projeler","status":"publish","type":"page","link":"http:\/\/www.akturk.com.tr\/en\/askeri-projeler","title":{"rendered":"MILITARY PROJECTS"},"content":{"rendered":"<div data-elementor-type=\"wp-page\" data-elementor-id=\"2209\" class=\"elementor elementor-2209\" data-elementor-post-type=\"page\">\n\t\t\t\t<div class=\"elementor-element elementor-element-73908ff e-flex e-con-boxed e-con e-parent\" data-id=\"73908ff\" data-element_type=\"container\">\n\t\t\t\t\t<div class=\"e-con-inner\">\n\t\t<div class=\"elementor-element elementor-element-6b95e4d e-con-full e-flex e-con e-child\" data-id=\"6b95e4d\" data-element_type=\"container\">\n\t\t\t\t<div class=\"elementor-element elementor-element-4ed7ff8 elementor-widget elementor-widget-image\" data-id=\"4ed7ff8\" data-element_type=\"widget\" data-widget_type=\"image.default\">\n\t\t\t\t<div class=\"elementor-widget-container\">\n\t\t\t\t\t\t\t\t\t\t\t\t\t<img fetchpriority=\"high\" decoding=\"async\" width=\"542\" height=\"512\" src=\"https:\/\/www.akturk.com.tr\/wp-content\/uploads\/2024\/09\/sabiha-gokcen-havaalani-ustyapi.jpg\" class=\"attachment-full size-full wp-image-2450\" alt=\"\" srcset=\"https:\/\/www.akturk.com.tr\/wp-content\/uploads\/2024\/09\/sabiha-gokcen-havaalani-ustyapi.jpg 542w, https:\/\/www.akturk.com.tr\/wp-content\/uploads\/2024\/09\/sabiha-gokcen-havaalani-ustyapi-300x283.jpg 300w\" sizes=\"(max-width: 542px) 100vw, 542px\" \/>\t\t\t\t\t\t\t\t\t\t\t\t\t<\/div>\n\t\t\t\t<\/div>\n\t\t\t\t<\/div>\n\t\t<div class=\"elementor-element elementor-element-85997b3 e-con-full e-flex e-con e-child\" data-id=\"85997b3\" data-element_type=\"container\">\n\t\t\t\t<div class=\"elementor-element elementor-element-6e715a3 elementor-widget elementor-widget-heading\" data-id=\"6e715a3\" data-element_type=\"widget\" data-widget_type=\"heading.default\">\n\t\t\t\t<div class=\"elementor-widget-container\">\n\t\t\t<h2 class=\"elementor-heading-title elementor-size-default\">SABI\u0307HA G\u00d6K\u00c7EN INTERNATIONAL AIRPORT INFRASTRUCTURE FACILITIES<\/h2>\t\t<\/div>\n\t\t\t\t<\/div>\n\t\t\t\t<div class=\"elementor-element elementor-element-7272a1c elementor-widget elementor-widget-text-editor\" data-id=\"7272a1c\" data-element_type=\"widget\" data-widget_type=\"text-editor.default\">\n\t\t\t\t<div class=\"elementor-widget-container\">\n\t\t\t\t\t\t\t<p>The construction of Phase 2 at Sabiha G\u00f6k\u00e7en Airport was carried out by the Akt\u00fcrk Yap\u0131 &amp; Ener \u0130n\u015faat Consortium. The cargo terminal, built by Akt\u00fcrk Yap\u0131, spans 9,500 m\u00b2 and offers international services with dry and cold storage facilities. This cargo terminal building is where Turkey\u2019s first X-ray-equipped cargo operations were implemented. Additionally, the Health Services Building, Companies Service Building Canopy, Customs Building Canopy, Cargo Building, Scale Building, and Entrance Control Building were all contributed to the airport under the assurance of Akt\u00fcrk.<\/p>\t\t\t\t\t\t<\/div>\n\t\t\t\t<\/div>\n\t\t\t\t<\/div>\n\t\t\t\t\t<\/div>\n\t\t\t\t<\/div>\n\t\t<div class=\"elementor-element elementor-element-d1a3eac e-flex e-con-boxed e-con e-parent\" data-id=\"d1a3eac\" data-element_type=\"container\">\n\t\t\t\t\t<div class=\"e-con-inner\">\n\t\t<div class=\"elementor-element elementor-element-70c30ac e-con-full e-flex e-con e-child\" data-id=\"70c30ac\" data-element_type=\"container\">\n\t\t\t\t<div class=\"elementor-element elementor-element-ae974a1 elementor-widget elementor-widget-image\" data-id=\"ae974a1\" data-element_type=\"widget\" data-widget_type=\"image.default\">\n\t\t\t\t<div class=\"elementor-widget-container\">\n\t\t\t\t\t\t\t\t\t\t\t\t\t<img decoding=\"async\" width=\"536\" height=\"510\" src=\"https:\/\/www.akturk.com.tr\/wp-content\/uploads\/2024\/09\/erzurum-havaalani-filo-harekat.jpg\" class=\"attachment-full size-full wp-image-2448\" alt=\"\" srcset=\"https:\/\/www.akturk.com.tr\/wp-content\/uploads\/2024\/09\/erzurum-havaalani-filo-harekat.jpg 536w, https:\/\/www.akturk.com.tr\/wp-content\/uploads\/2024\/09\/erzurum-havaalani-filo-harekat-300x285.jpg 300w\" sizes=\"(max-width: 536px) 100vw, 536px\" \/>\t\t\t\t\t\t\t\t\t\t\t\t\t<\/div>\n\t\t\t\t<\/div>\n\t\t\t\t<\/div>\n\t\t<div class=\"elementor-element elementor-element-18fa9f8 e-con-full e-flex e-con e-child\" data-id=\"18fa9f8\" data-element_type=\"container\">\n\t\t\t\t<div class=\"elementor-element elementor-element-215c7f2 elementor-widget elementor-widget-heading\" data-id=\"215c7f2\" data-element_type=\"widget\" data-widget_type=\"heading.default\">\n\t\t\t\t<div class=\"elementor-widget-container\">\n\t\t\t<h2 class=\"elementor-heading-title elementor-size-default\">ERZURUM AIRPORT FLEET OPERATIONS BUILDING<\/h2>\t\t<\/div>\n\t\t\t\t<\/div>\n\t\t\t\t<div class=\"elementor-element elementor-element-1efeec4 elementor-widget elementor-widget-text-editor\" data-id=\"1efeec4\" data-element_type=\"widget\" data-widget_type=\"text-editor.default\">\n\t\t\t\t<div class=\"elementor-widget-container\">\n\t\t\t\t\t\t\t<p>The Fleet Operations Building and Aircraft Maintenance Hangar were constructed using universal engineering techniques and are now in service at Erzurum Airport.<\/p>\t\t\t\t\t\t<\/div>\n\t\t\t\t<\/div>\n\t\t\t\t<\/div>\n\t\t\t\t\t<\/div>\n\t\t\t\t<\/div>\n\t\t<div class=\"elementor-element elementor-element-c06895f e-flex e-con-boxed e-con e-parent\" data-id=\"c06895f\" data-element_type=\"container\">\n\t\t\t\t\t<div class=\"e-con-inner\">\n\t\t<div class=\"elementor-element elementor-element-38eea23 e-con-full e-flex e-con e-child\" data-id=\"38eea23\" data-element_type=\"container\">\n\t\t\t\t<div class=\"elementor-element elementor-element-85a16cf elementor-widget elementor-widget-image\" data-id=\"85a16cf\" data-element_type=\"widget\" data-widget_type=\"image.default\">\n\t\t\t\t<div class=\"elementor-widget-container\">\n\t\t\t\t\t\t\t\t\t\t\t\t\t<img decoding=\"async\" width=\"538\" height=\"512\" src=\"https:\/\/www.akturk.com.tr\/wp-content\/uploads\/2024\/09\/Malatya-yamandag-hava-savunma-radari.jpg\" class=\"attachment-full size-full wp-image-2449\" alt=\"\" srcset=\"https:\/\/www.akturk.com.tr\/wp-content\/uploads\/2024\/09\/Malatya-yamandag-hava-savunma-radari.jpg 538w, https:\/\/www.akturk.com.tr\/wp-content\/uploads\/2024\/09\/Malatya-yamandag-hava-savunma-radari-300x286.jpg 300w\" sizes=\"(max-width: 538px) 100vw, 538px\" \/>\t\t\t\t\t\t\t\t\t\t\t\t\t<\/div>\n\t\t\t\t<\/div>\n\t\t\t\t<\/div>\n\t\t<div class=\"elementor-element elementor-element-bf1fc20 e-con-full e-flex e-con e-child\" data-id=\"bf1fc20\" data-element_type=\"container\">\n\t\t\t\t<div class=\"elementor-element elementor-element-8a89dd6 elementor-widget elementor-widget-heading\" data-id=\"8a89dd6\" data-element_type=\"widget\" data-widget_type=\"heading.default\">\n\t\t\t\t<div class=\"elementor-widget-container\">\n\t\t\t<h2 class=\"elementor-heading-title elementor-size-default\">MALATYA YAMA MOUNTAIN AIR DEFENSE RADAR<\/h2>\t\t<\/div>\n\t\t\t\t<\/div>\n\t\t\t\t<div class=\"elementor-element elementor-element-dcf2a1d elementor-widget elementor-widget-text-editor\" data-id=\"dcf2a1d\" data-element_type=\"widget\" data-widget_type=\"text-editor.default\">\n\t\t\t\t<div class=\"elementor-widget-container\">\n\t\t\t\t\t\t\t<p>Located at an altitude of 3,700 meters on Yama Mountain, this military facility, accessible via a 25 km road built under extremely harsh natural conditions, is equipped with advanced technology to provide uninterrupted service in all climate conditions, making it a model structure<\/p>\t\t\t\t\t\t<\/div>\n\t\t\t\t<\/div>\n\t\t\t\t<\/div>\n\t\t\t\t\t<\/div>\n\t\t\t\t<\/div>\n\t\t<div class=\"elementor-element elementor-element-0ef6ac3 e-flex e-con-boxed e-con e-parent\" data-id=\"0ef6ac3\" data-element_type=\"container\">\n\t\t\t\t\t<div class=\"e-con-inner\">\n\t\t<div class=\"elementor-element elementor-element-c59c000 e-con-full e-flex e-con e-child\" data-id=\"c59c000\" data-element_type=\"container\">\n\t\t\t\t<div class=\"elementor-element elementor-element-b9e72ce elementor-widget elementor-widget-image\" data-id=\"b9e72ce\" data-element_type=\"widget\" data-widget_type=\"image.default\">\n\t\t\t\t<div class=\"elementor-widget-container\">\n\t\t\t\t\t\t\t\t\t\t\t\t\t<img loading=\"lazy\" decoding=\"async\" width=\"538\" height=\"512\" src=\"https:\/\/www.akturk.com.tr\/wp-content\/uploads\/2024\/09\/van-pir-resit-hava-savunma.jpg\" class=\"attachment-full size-full wp-image-2451\" alt=\"\" srcset=\"https:\/\/www.akturk.com.tr\/wp-content\/uploads\/2024\/09\/van-pir-resit-hava-savunma.jpg 538w, https:\/\/www.akturk.com.tr\/wp-content\/uploads\/2024\/09\/van-pir-resit-hava-savunma-300x286.jpg 300w\" sizes=\"(max-width: 538px) 100vw, 538px\" \/>\t\t\t\t\t\t\t\t\t\t\t\t\t<\/div>\n\t\t\t\t<\/div>\n\t\t\t\t<\/div>\n\t\t<div class=\"elementor-element elementor-element-5f73464 e-con-full e-flex e-con e-child\" data-id=\"5f73464\" data-element_type=\"container\">\n\t\t\t\t<div class=\"elementor-element elementor-element-558bbf6 elementor-widget elementor-widget-heading\" data-id=\"558bbf6\" data-element_type=\"widget\" data-widget_type=\"heading.default\">\n\t\t\t\t<div class=\"elementor-widget-container\">\n\t\t\t<h2 class=\"elementor-heading-title elementor-size-default\">VAN PI\u0307R-RES\u0327I\u0307T AIR DEFENSE SYSTEM RADAR <\/h2>\t\t<\/div>\n\t\t\t\t<\/div>\n\t\t\t\t<div class=\"elementor-element elementor-element-99997a1 elementor-widget elementor-widget-text-editor\" data-id=\"99997a1\" data-element_type=\"widget\" data-widget_type=\"text-editor.default\">\n\t\t\t\t<div class=\"elementor-widget-container\">\n\t\t\t\t\t\t\t<p>The Van Pir-Reshit Air Defense Radar and its associated energy transmission lines are a specialized military facility constructed by Akt\u00fcrk under very challenging conditions, utilizing advanced technology and experience.<\/p>\t\t\t\t\t\t<\/div>\n\t\t\t\t<\/div>\n\t\t\t\t<\/div>\n\t\t\t\t\t<\/div>\n\t\t\t\t<\/div>\n\t\t\t\t<\/div>","protected":false},"excerpt":{"rendered":"<p>SABI\u0307HA G\u00d6K\u00c7EN ULUSLARARASI HAVAALANI \u00dcSTYAPI TESI\u0307SLERI\u0307 Sabiha G\u00f6k\u00e7en Havaalan\u0131 2. K\u0131s\u0131m \u0130n\u015faatlar\u0131, Akt\u00fcrk Yap\u0131 &amp; Ener \u0130n\u015faat Konsorsiyumu taraf\u0131ndan ger\u00e7ekles\u0327tirilmis\u0327tir. Akt\u00fcrk Yap\u0131 taraf\u0131ndan ins\u0327a edilen 9500 m2\u2019lik kargo terminali, kuru ve sog\u0306uk hava depolar\u0131yla uluslararas\u0131 \u00f6l\u00e7ekte servis sunmaktad\u0131r T\u00fcrkiye\u2019nin ilk X-Ray cihazl\u0131 kargo uygulamas\u0131n\u0131n ger\u00e7ekles\u0327tirildig\u0306i kargo terminal binas\u0131n\u0131n yan\u0131 s\u0131ra Sag\u0306l\u0131k Hizmet Binas\u0131, S\u0327irketler Hizmet<\/p>","protected":false},"author":1,"featured_media":0,"parent":0,"menu_order":0,"comment_status":"closed","ping_status":"closed","template":"elementor_header_footer","meta":{"inline_featured_image":false,"footnotes":""},"class_list":["post-2209","page","type-page","status-publish","hentry"],"_links":{"self":[{"href":"http:\/\/www.akturk.com.tr\/en\/wp-json\/wp\/v2\/pages\/2209","targetHints":{"allow":["GET"]}}],"collection":[{"href":"http:\/\/www.akturk.com.tr\/en\/wp-json\/wp\/v2\/pages"}],"about":[{"href":"http:\/\/www.akturk.com.tr\/en\/wp-json\/wp\/v2\/types\/page"}],"author":[{"embeddable":true,"href":"http:\/\/www.akturk.com.tr\/en\/wp-json\/wp\/v2\/users\/1"}],"replies":[{"embeddable":true,"href":"http:\/\/www.akturk.com.tr\/en\/wp-json\/wp\/v2\/comments?post=2209"}],"version-history":[{"count":16,"href":"http:\/\/www.akturk.com.tr\/en\/wp-json\/wp\/v2\/pages\/2209\/revisions"}],"predecessor-version":[{"id":2744,"href":"http:\/\/www.akturk.com.tr\/en\/wp-json\/wp\/v2\/pages\/2209\/revisions\/2744"}],"wp:attachment":[{"href":"http:\/\/www.akturk.com.tr\/en\/wp-json\/wp\/v2\/media?parent=2209"}],"curies":[{"name":"wp","href":"https:\/\/api.w.org\/{rel}","templated":true}]}}