{"id":1021,"date":"2024-08-14T04:34:40","date_gmt":"2024-08-14T04:34:40","guid":{"rendered":"https:\/\/gramentheme.com\/wp\/xbuild\/?page_id=1021"},"modified":"2024-09-30T17:54:13","modified_gmt":"2024-09-30T17:54:13","slug":"projeler","status":"publish","type":"page","link":"https:\/\/www.akturk.com.tr\/en\/projeler","title":{"rendered":"PROJECTS"},"content":{"rendered":"<div data-elementor-type=\"wp-page\" data-elementor-id=\"1021\" class=\"elementor elementor-1021\" data-elementor-post-type=\"page\">\n\t\t\t\t<div class=\"elementor-element elementor-element-8d99935 e-flex e-con-boxed e-con e-parent\" data-id=\"8d99935\" data-element_type=\"container\">\n\t\t\t\t\t<div class=\"e-con-inner\">\n\t\t\t\t<div class=\"elementor-element elementor-element-ec54597 elementor-widget elementor-widget-konstic-project-grid-widget\" data-id=\"ec54597\" data-element_type=\"widget\" data-widget_type=\"konstic-project-grid-widget.default\">\n\t\t\t\t<div class=\"elementor-widget-container\">\n\t\t\t\r\n\r\n\t <script>\r\n jQuery(document).ready(function($) {\r\n\r\n\/\/ js code start\r\n\r\nif($(\".project-slider\").length > 0) {\r\n\tconst projectSlider = new Swiper(\".project-slider\", {\r\n\t\tspaceBetween: 30,\r\n\t\tspeed: 2000,\r\n\t\tloop: true,\r\n\t\tcenteredSlides: true,\r\n\t\tautoplay: {\r\n\t\t\tdelay: 2000,\r\n\t\t\tdisableOnInteraction: false,\r\n\t\t},\r\n\t\tpagination: {\r\n\t\t\tel: \".project-dot\",\r\n\t\t},\r\n\t\tbreakpoints: {\r\n\t\t\t1199: {\r\n\t\t\t\tslidesPerView: 3,\r\n\t\t\t},\r\n\t\t\t991: {\r\n\t\t\t\tslidesPerView: 2,\r\n\t\t\t},\r\n\t\t\t767: {\r\n\t\t\t\tslidesPerView: 2,\r\n\t\t\t},\r\n\t\t\t575: {\r\n\t\t\t\tslidesPerView: 1,\r\n\t\t\t},\r\n\t\t\t0: {\r\n\t\t\t\tslidesPerView: 1,\r\n\t\t\t},\r\n\t\t},\r\n\t});\r\n}\r\n\r\n\/\/ js code end \r\n\r\n  });\r\n<\/script>\r\n\t\r\n\r\n\t\t<div class=\"row g-4\">\r\n\t\t\t\t\r\n\t\t\t<div class=\"col-xl-4 col-lg-6 col-md-6\">\r\n\t\t\t\t<div class=\"project-card-items\">\r\n\t\t\t\t\t<div class=\"project-image\">\r\n\t\t\t\t\t\t<img decoding=\"async\" src=\"https:\/\/www.akturk.com.tr\/wp-content\/uploads\/2024\/09\/faliyet-alanlari8.jpg\" alt=\"img\">\r\n\t\t\t\t\t\t<img decoding=\"async\" src=\"https:\/\/www.akturk.com.tr\/wp-content\/uploads\/2024\/09\/faliyet-alanlari8.jpg\" alt=\"img\">\r\n\t\t\t\t\t<\/div>\r\n\t\t\t\t\t<div class=\"project-content\">\r\n\t\t\t\t\t\t<h3><a href=\"https:\/\/www.akturk.com.tr\/en\/prestij-projeleri\/\">PRESTIGIOUS PROJECTS<\/a><\/h3>\r\n\t\t\t\t\t\t<p>\r\n\t\t\t\t\t\t\t\t\t\t\t\t\t<\/p>\r\n\t\t\t\t\t\t<a href=\"https:\/\/www.akturk.com.tr\/en\/prestij-projeleri\/\" class=\"theme-btn mt-3 wow fadeInUp\" data-wow-delay=\".3s\">VIEW PROJECTS <i class=\"fa-regular fa-arrow-right\"><\/i><\/a>\r\n\t\t\t\t\t<\/div>\r\n\t\t\t\t\t<div class=\"shape-img\">\r\n\t\t\t\t\t\t\t\t\t\t<\/div>\t\t\t\t\t\r\n\t\t\t\t<\/div>\r\n\t\t\t<\/div>\r\n\t\t\t\t\r\n\t\t\t<div class=\"col-xl-4 col-lg-6 col-md-6\">\r\n\t\t\t\t<div class=\"project-card-items\">\r\n\t\t\t\t\t<div class=\"project-image\">\r\n\t\t\t\t\t\t<img decoding=\"async\" src=\"https:\/\/www.akturk.com.tr\/wp-content\/uploads\/2024\/09\/faliyet-alanlari2.jpg\" alt=\"img\">\r\n\t\t\t\t\t\t<img decoding=\"async\" src=\"https:\/\/www.akturk.com.tr\/wp-content\/uploads\/2024\/09\/faliyet-alanlari2.jpg\" alt=\"img\">\r\n\t\t\t\t\t<\/div>\r\n\t\t\t\t\t<div class=\"project-content\">\r\n\t\t\t\t\t\t<h3><a href=\"https:\/\/www.akturk.com.tr\/en\/konut-projeleri\/\">RESIDENTIAL PROJECTS<\/a><\/h3>\r\n\t\t\t\t\t\t<p>\r\n\t\t\t\t\t\t\t\t\t\t\t\t\t<\/p>\r\n\t\t\t\t\t\t<a href=\"https:\/\/www.akturk.com.tr\/en\/konut-projeleri\/\" class=\"theme-btn mt-3 wow fadeInUp\" data-wow-delay=\".3s\">VIEW PROJECTS <i class=\"fa-regular fa-arrow-right\"><\/i><\/a>\r\n\t\t\t\t\t<\/div>\r\n\t\t\t\t\t<div class=\"shape-img\">\r\n\t\t\t\t\t\t\t\t\t\t<\/div>\t\t\t\t\t\r\n\t\t\t\t<\/div>\r\n\t\t\t<\/div>\r\n\t\t\t\t\r\n\t\t\t<div class=\"col-xl-4 col-lg-6 col-md-6\">\r\n\t\t\t\t<div class=\"project-card-items\">\r\n\t\t\t\t\t<div class=\"project-image\">\r\n\t\t\t\t\t\t<img decoding=\"async\" src=\"https:\/\/www.akturk.com.tr\/wp-content\/uploads\/2024\/09\/faliyet-alanlari5.jpg\" alt=\"img\">\r\n\t\t\t\t\t\t<img decoding=\"async\" src=\"https:\/\/www.akturk.com.tr\/wp-content\/uploads\/2024\/09\/faliyet-alanlari5.jpg\" alt=\"img\">\r\n\t\t\t\t\t<\/div>\r\n\t\t\t\t\t<div class=\"project-content\">\r\n\t\t\t\t\t\t<h3><a href=\"https:\/\/www.akturk.com.tr\/en\/askeri-projeler\/\">MILITARY PROJECTS<\/a><\/h3>\r\n\t\t\t\t\t\t<p>\r\n\t\t\t\t\t\t\t\t\t\t\t\t\t<\/p>\r\n\t\t\t\t\t\t<a href=\"https:\/\/www.akturk.com.tr\/en\/askeri-projeler\/\" class=\"theme-btn mt-3 wow fadeInUp\" data-wow-delay=\".3s\">VIEW PROJECTS <i class=\"fa-regular fa-arrow-right\"><\/i><\/a>\r\n\t\t\t\t\t<\/div>\r\n\t\t\t\t\t<div class=\"shape-img\">\r\n\t\t\t\t\t\t\t\t\t\t<\/div>\t\t\t\t\t\r\n\t\t\t\t<\/div>\r\n\t\t\t<\/div>\r\n\t\t\t\t\r\n\t\t\t<div class=\"col-xl-4 col-lg-6 col-md-6\">\r\n\t\t\t\t<div class=\"project-card-items\">\r\n\t\t\t\t\t<div class=\"project-image\">\r\n\t\t\t\t\t\t<img decoding=\"async\" src=\"https:\/\/www.akturk.com.tr\/wp-content\/uploads\/2024\/09\/faliyet-alanlari7.jpg\" alt=\"img\">\r\n\t\t\t\t\t\t<img decoding=\"async\" src=\"https:\/\/www.akturk.com.tr\/wp-content\/uploads\/2024\/09\/faliyet-alanlari7.jpg\" alt=\"img\">\r\n\t\t\t\t\t<\/div>\r\n\t\t\t\t\t<div class=\"project-content\">\r\n\t\t\t\t\t\t<h3><a href=\"https:\/\/www.akturk.com.tr\/en\/sanayi-projeleri\/\">INDUSTRIAL PROJECTS<\/a><\/h3>\r\n\t\t\t\t\t\t<p>\r\n\t\t\t\t\t\t\t\t\t\t\t\t\t<\/p>\r\n\t\t\t\t\t\t<a href=\"https:\/\/www.akturk.com.tr\/en\/sanayi-projeleri\/\" class=\"theme-btn mt-3 wow fadeInUp\" data-wow-delay=\".3s\">VIEW PROJECTS <i class=\"fa-regular fa-arrow-right\"><\/i><\/a>\r\n\t\t\t\t\t<\/div>\r\n\t\t\t\t\t<div class=\"shape-img\">\r\n\t\t\t\t\t\t\t\t\t\t<\/div>\t\t\t\t\t\r\n\t\t\t\t<\/div>\r\n\t\t\t<\/div>\r\n\t\t\t\t\r\n\t\t\t<div class=\"col-xl-4 col-lg-6 col-md-6\">\r\n\t\t\t\t<div class=\"project-card-items\">\r\n\t\t\t\t\t<div class=\"project-image\">\r\n\t\t\t\t\t\t<img decoding=\"async\" src=\"https:\/\/www.akturk.com.tr\/wp-content\/uploads\/2024\/09\/faliyet-alanlari3.jpg\" alt=\"img\">\r\n\t\t\t\t\t\t<img decoding=\"async\" src=\"https:\/\/www.akturk.com.tr\/wp-content\/uploads\/2024\/09\/faliyet-alanlari3.jpg\" alt=\"img\">\r\n\t\t\t\t\t<\/div>\r\n\t\t\t\t\t<div class=\"project-content\">\r\n\t\t\t\t\t\t<h3><a href=\"https:\/\/www.akturk.com.tr\/en\/altyapi-ve-ulasim-projeleri\/\">INFRASTRUCTURE AND TRANSPORTATION PROJECTS<\/a><\/h3>\r\n\t\t\t\t\t\t<p>\r\n\t\t\t\t\t\t\t\t\t\t\t\t\t<\/p>\r\n\t\t\t\t\t\t<a href=\"https:\/\/www.akturk.com.tr\/en\/altyapi-ve-ulasim-projeleri\/\" class=\"theme-btn mt-3 wow fadeInUp\" data-wow-delay=\".3s\">VIEW PROJECTS <i class=\"fa-regular fa-arrow-right\"><\/i><\/a>\r\n\t\t\t\t\t<\/div>\r\n\t\t\t\t\t<div class=\"shape-img\">\r\n\t\t\t\t\t\t\t\t\t\t<\/div>\t\t\t\t\t\r\n\t\t\t\t<\/div>\r\n\t\t\t<\/div>\r\n\t\t\t\t\r\n\t\t\t<div class=\"col-xl-4 col-lg-6 col-md-6\">\r\n\t\t\t\t<div class=\"project-card-items\">\r\n\t\t\t\t\t<div class=\"project-image\">\r\n\t\t\t\t\t\t<img decoding=\"async\" src=\"https:\/\/www.akturk.com.tr\/wp-content\/uploads\/2024\/09\/faliyet-alanlari6.jpg\" alt=\"img\">\r\n\t\t\t\t\t\t<img decoding=\"async\" src=\"https:\/\/www.akturk.com.tr\/wp-content\/uploads\/2024\/09\/faliyet-alanlari6.jpg\" alt=\"img\">\r\n\t\t\t\t\t<\/div>\r\n\t\t\t\t\t<div class=\"project-content\">\r\n\t\t\t\t\t\t<h3><a href=\"https:\/\/www.akturk.com.tr\/en\/ustyapi-projeleri\/\">SUPERSTRUCTURE PROJECTS<\/a><\/h3>\r\n\t\t\t\t\t\t<p>\r\n\t\t\t\t\t\t\t\t\t\t\t\t\t<\/p>\r\n\t\t\t\t\t\t<a href=\"https:\/\/www.akturk.com.tr\/en\/ustyapi-projeleri\/\" class=\"theme-btn mt-3 wow fadeInUp\" data-wow-delay=\".3s\">VIEW PROJECTS <i class=\"fa-regular fa-arrow-right\"><\/i><\/a>\r\n\t\t\t\t\t<\/div>\r\n\t\t\t\t\t<div class=\"shape-img\">\r\n\t\t\t\t\t\t\t\t\t\t<\/div>\t\t\t\t\t\r\n\t\t\t\t<\/div>\r\n\t\t\t<\/div>\r\n\t\t\t\t\r\n\t\t\t<div class=\"col-xl-4 col-lg-6 col-md-6\">\r\n\t\t\t\t<div class=\"project-card-items\">\r\n\t\t\t\t\t<div class=\"project-image\">\r\n\t\t\t\t\t\t<img decoding=\"async\" src=\"https:\/\/www.akturk.com.tr\/wp-content\/uploads\/2024\/09\/faliyet-alanlari1.jpg\" alt=\"img\">\r\n\t\t\t\t\t\t<img decoding=\"async\" src=\"https:\/\/www.akturk.com.tr\/wp-content\/uploads\/2024\/09\/faliyet-alanlari1.jpg\" alt=\"img\">\r\n\t\t\t\t\t<\/div>\r\n\t\t\t\t\t<div class=\"project-content\">\r\n\t\t\t\t\t\t<h3><a href=\"https:\/\/www.akturk.com.tr\/en\/hastane-projeleri\/\">HOSPITAL PROJECTS<\/a><\/h3>\r\n\t\t\t\t\t\t<p>\r\n\t\t\t\t\t\t\t\t\t\t\t\t\t<\/p>\r\n\t\t\t\t\t\t<a href=\"https:\/\/www.akturk.com.tr\/en\/hastane-projeleri\/\" class=\"theme-btn mt-3 wow fadeInUp\" data-wow-delay=\".3s\">VIEW PROJECTS <i class=\"fa-regular fa-arrow-right\"><\/i><\/a>\r\n\t\t\t\t\t<\/div>\r\n\t\t\t\t\t<div class=\"shape-img\">\r\n\t\t\t\t\t\t\t\t\t\t<\/div>\t\t\t\t\t\r\n\t\t\t\t<\/div>\r\n\t\t\t<\/div>\r\n\t\t\t\t\r\n\t\t\t<div class=\"col-xl-4 col-lg-6 col-md-6\">\r\n\t\t\t\t<div class=\"project-card-items\">\r\n\t\t\t\t\t<div class=\"project-image\">\r\n\t\t\t\t\t\t<img decoding=\"async\" src=\"https:\/\/www.akturk.com.tr\/wp-content\/uploads\/2024\/09\/faliyet-alanlari4.jpg\" alt=\"img\">\r\n\t\t\t\t\t\t<img decoding=\"async\" src=\"https:\/\/www.akturk.com.tr\/wp-content\/uploads\/2024\/09\/faliyet-alanlari4.jpg\" alt=\"img\">\r\n\t\t\t\t\t<\/div>\r\n\t\t\t\t\t<div class=\"project-content\">\r\n\t\t\t\t\t\t<h3><a href=\"https:\/\/www.akturk.com.tr\/en\/sosyal-sorumluluk-projeleri\/\">SOCIAL RESPONSIBILITY PROJECTS<\/a><\/h3>\r\n\t\t\t\t\t\t<p>\r\n\t\t\t\t\t\t\t\t\t\t\t\t\t<\/p>\r\n\t\t\t\t\t\t<a href=\"https:\/\/www.akturk.com.tr\/en\/sosyal-sorumluluk-projeleri\/\" class=\"theme-btn mt-3 wow fadeInUp\" data-wow-delay=\".3s\">VIEW PROJECTS <i class=\"fa-regular fa-arrow-right\"><\/i><\/a>\r\n\t\t\t\t\t<\/div>\r\n\t\t\t\t\t<div class=\"shape-img\">\r\n\t\t\t\t\t\t\t\t\t\t<\/div>\t\t\t\t\t\r\n\t\t\t\t<\/div>\r\n\t\t\t<\/div>\r\n\t\t\t\t\t<\/div>\r\n\r\n\t\t\t\r\n\r\n             \r\n\t\t\t\t<\/div>\n\t\t\t\t<\/div>\n\t\t\t\t\t<\/div>\n\t\t\t\t<\/div>\n\t\t\t\t<\/div>","protected":false},"excerpt":{"rendered":"<p>PREST\u0130J PROJELER\u0130 Projeleri G\u00f6r KONUT PROJELER\u0130 Projeleri G\u00f6r ASKER\u0130 PROJELER Projeleri G\u00f6r SANAY\u0130 VE END\u00dcSTR\u0130YEL TES\u0130S PROJELER\u0130 Projeleri G\u00f6r ALTYAPI VE ULA\u015eIM PROJELER\u0130 Projeleri G\u00f6r \u00dcSTYAPI PROJELER\u0130 Projeleri G\u00f6r HASTANE PROJELER\u0130 Projeleri G\u00f6r SOSYAL SORUMLULUK PROJELER\u0130 Projeleri G\u00f6r<\/p>","protected":false},"author":1,"featured_media":0,"parent":0,"menu_order":0,"comment_status":"closed","ping_status":"closed","template":"elementor_header_footer","meta":{"inline_featured_image":false,"footnotes":""},"class_list":["post-1021","page","type-page","status-publish","hentry"],"_links":{"self":[{"href":"https:\/\/www.akturk.com.tr\/en\/wp-json\/wp\/v2\/pages\/1021","targetHints":{"allow":["GET"]}}],"collection":[{"href":"https:\/\/www.akturk.com.tr\/en\/wp-json\/wp\/v2\/pages"}],"about":[{"href":"https:\/\/www.akturk.com.tr\/en\/wp-json\/wp\/v2\/types\/page"}],"author":[{"embeddable":true,"href":"https:\/\/www.akturk.com.tr\/en\/wp-json\/wp\/v2\/users\/1"}],"replies":[{"embeddable":true,"href":"https:\/\/www.akturk.com.tr\/en\/wp-json\/wp\/v2\/comments?post=1021"}],"version-history":[{"count":26,"href":"https:\/\/www.akturk.com.tr\/en\/wp-json\/wp\/v2\/pages\/1021\/revisions"}],"predecessor-version":[{"id":2545,"href":"https:\/\/www.akturk.com.tr\/en\/wp-json\/wp\/v2\/pages\/1021\/revisions\/2545"}],"wp:attachment":[{"href":"https:\/\/www.akturk.com.tr\/en\/wp-json\/wp\/v2\/media?parent=1021"}],"curies":[{"name":"wp","href":"https:\/\/api.w.org\/{rel}","templated":true}]}}