{"id":2130,"date":"2024-09-26T11:38:16","date_gmt":"2024-09-26T11:38:16","guid":{"rendered":"https:\/\/www.akturk.com.tr\/?page_id=2130"},"modified":"2024-10-03T13:36:25","modified_gmt":"2024-10-03T13:36:25","slug":"altyapi-ve-ulasim-projeleri","status":"publish","type":"page","link":"https:\/\/www.akturk.com.tr\/en\/altyapi-ve-ulasim-projeleri","title":{"rendered":"INFRASTRUCTURE AND TRANSPORTATION PROJECTS"},"content":{"rendered":"<div data-elementor-type=\"wp-page\" data-elementor-id=\"2130\" class=\"elementor elementor-2130\" data-elementor-post-type=\"page\">\n\t\t\t\t<div class=\"elementor-element elementor-element-73908ff e-flex e-con-boxed e-con e-parent\" data-id=\"73908ff\" data-element_type=\"container\">\n\t\t\t\t\t<div class=\"e-con-inner\">\n\t\t<div class=\"elementor-element elementor-element-6b95e4d e-con-full e-flex e-con e-child\" data-id=\"6b95e4d\" data-element_type=\"container\">\n\t\t\t\t<div class=\"elementor-element elementor-element-4ed7ff8 elementor-widget elementor-widget-image\" data-id=\"4ed7ff8\" data-element_type=\"widget\" data-widget_type=\"image.default\">\n\t\t\t\t<div class=\"elementor-widget-container\">\n\t\t\t\t\t\t\t\t\t\t\t\t\t<img fetchpriority=\"high\" decoding=\"async\" width=\"536\" height=\"510\" src=\"https:\/\/www.akturk.com.tr\/wp-content\/uploads\/2024\/09\/metro.jpg\" class=\"attachment-full size-full wp-image-2593\" alt=\"\" srcset=\"https:\/\/www.akturk.com.tr\/wp-content\/uploads\/2024\/09\/metro.jpg 536w, https:\/\/www.akturk.com.tr\/wp-content\/uploads\/2024\/09\/metro-300x285.jpg 300w\" sizes=\"(max-width: 536px) 100vw, 536px\" \/>\t\t\t\t\t\t\t\t\t\t\t\t\t<\/div>\n\t\t\t\t<\/div>\n\t\t\t\t<\/div>\n\t\t<div class=\"elementor-element elementor-element-85997b3 e-con-full e-flex e-con e-child\" data-id=\"85997b3\" data-element_type=\"container\">\n\t\t\t\t<div class=\"elementor-element elementor-element-6e715a3 elementor-widget elementor-widget-heading\" data-id=\"6e715a3\" data-element_type=\"widget\" data-widget_type=\"heading.default\">\n\t\t\t\t<div class=\"elementor-widget-container\">\n\t\t\t<h2 class=\"elementor-heading-title elementor-size-default\">A\u015eT\u0130-\u00c7AYYOLU METRO CONSTRUCTION<\/h2>\t\t<\/div>\n\t\t\t\t<\/div>\n\t\t\t\t<div class=\"elementor-element elementor-element-dcf2a1d elementor-widget elementor-widget-text-editor\" data-id=\"dcf2a1d\" data-element_type=\"widget\" data-widget_type=\"text-editor.default\">\n\t\t\t\t<div class=\"elementor-widget-container\">\n\t\t\t\t\t\t\t<p>The AST\u0130-\u00c7ayyolu Metro and Phase 2 construction of Ankara\u2019s rail public transportation systems has a total track length of 12,500 meters and was built using tunnel and cut-and-cover methods. The line features 10 underground stations, various tunnels, and a state-of-the-art combined metro system for underground transfers.<\/p>\t\t\t\t\t\t<\/div>\n\t\t\t\t<\/div>\n\t\t\t\t<\/div>\n\t\t\t\t\t<\/div>\n\t\t\t\t<\/div>\n\t\t<div class=\"elementor-element elementor-element-9c6465b e-flex e-con-boxed e-con e-parent\" data-id=\"9c6465b\" data-element_type=\"container\">\n\t\t\t\t\t<div class=\"e-con-inner\">\n\t\t<div class=\"elementor-element elementor-element-2efb6a3 e-con-full e-flex e-con e-child\" data-id=\"2efb6a3\" data-element_type=\"container\">\n\t\t\t\t<div class=\"elementor-element elementor-element-7200c7f elementor-widget elementor-widget-image\" data-id=\"7200c7f\" data-element_type=\"widget\" data-widget_type=\"image.default\">\n\t\t\t\t<div class=\"elementor-widget-container\">\n\t\t\t\t\t\t\t\t\t\t\t\t\t<img decoding=\"async\" width=\"1280\" height=\"720\" src=\"https:\/\/www.akturk.com.tr\/wp-content\/uploads\/2024\/09\/ankara-metrosu-aa-1500937.jpeg\" class=\"attachment-full size-full wp-image-2160\" alt=\"\" srcset=\"https:\/\/www.akturk.com.tr\/wp-content\/uploads\/2024\/09\/ankara-metrosu-aa-1500937.jpeg 1280w, https:\/\/www.akturk.com.tr\/wp-content\/uploads\/2024\/09\/ankara-metrosu-aa-1500937-300x169.jpeg 300w, https:\/\/www.akturk.com.tr\/wp-content\/uploads\/2024\/09\/ankara-metrosu-aa-1500937-1024x576.jpeg 1024w, https:\/\/www.akturk.com.tr\/wp-content\/uploads\/2024\/09\/ankara-metrosu-aa-1500937-768x432.jpeg 768w\" sizes=\"(max-width: 1280px) 100vw, 1280px\" \/>\t\t\t\t\t\t\t\t\t\t\t\t\t<\/div>\n\t\t\t\t<\/div>\n\t\t\t\t<\/div>\n\t\t<div class=\"elementor-element elementor-element-6f419a8 e-con-full e-flex e-con e-child\" data-id=\"6f419a8\" data-element_type=\"container\">\n\t\t\t\t<div class=\"elementor-element elementor-element-6b4152e elementor-widget elementor-widget-heading\" data-id=\"6b4152e\" data-element_type=\"widget\" data-widget_type=\"heading.default\">\n\t\t\t\t<div class=\"elementor-widget-container\">\n\t\t\t<h2 class=\"elementor-heading-title elementor-size-default\">KIZILAY-\u00c7AYYOLU METRO LINE PROJECT<\/h2>\t\t<\/div>\n\t\t\t\t<\/div>\n\t\t\t\t<div class=\"elementor-element elementor-element-e98690f elementor-widget elementor-widget-text-editor\" data-id=\"e98690f\" data-element_type=\"widget\" data-widget_type=\"text-editor.default\">\n\t\t\t\t<div class=\"elementor-widget-container\">\n\t\t\t\t\t\t\t<p>The K\u0131z\u0131lay-\u00c7ayyolu Metro and Phase 2 construction, part of Ankara's rail public transportation systems, also has a total track length of 12,500 meters and was constructed using tunnel and cut-and-cover methods. It includes 10 underground stations, various tunnels, and a cutting-edge combined metro system for underground transfers.<br \/><br \/><\/p><p>Key project dimensions include:<br \/>\u25cf Station Area: 61,690 m\u00b2<br \/>\u25cf Concrete: 440,000 m\u00b3<br \/>\u25cf Excavation: 2,080,000 m\u00b3<br \/>\u25cf Steel: 103,000 tons<\/p>\t\t\t\t\t\t<\/div>\n\t\t\t\t<\/div>\n\t\t\t\t<\/div>\n\t\t\t\t\t<\/div>\n\t\t\t\t<\/div>\n\t\t<div class=\"elementor-element elementor-element-58ad454 e-flex e-con-boxed e-con e-parent\" data-id=\"58ad454\" data-element_type=\"container\">\n\t\t\t\t\t<div class=\"e-con-inner\">\n\t\t<div class=\"elementor-element elementor-element-a01f5bf e-con-full e-flex e-con e-child\" data-id=\"a01f5bf\" data-element_type=\"container\">\n\t\t\t\t<div class=\"elementor-element elementor-element-67f13b3 elementor-widget elementor-widget-image\" data-id=\"67f13b3\" data-element_type=\"widget\" data-widget_type=\"image.default\">\n\t\t\t\t<div class=\"elementor-widget-container\">\n\t\t\t\t\t\t\t\t\t\t\t\t\t<img decoding=\"async\" width=\"536\" height=\"510\" src=\"https:\/\/www.akturk.com.tr\/wp-content\/uploads\/2024\/09\/altyapi-adapazari.jpg\" class=\"attachment-full size-full wp-image-2625\" alt=\"\" srcset=\"https:\/\/www.akturk.com.tr\/wp-content\/uploads\/2024\/09\/altyapi-adapazari.jpg 536w, https:\/\/www.akturk.com.tr\/wp-content\/uploads\/2024\/09\/altyapi-adapazari-300x285.jpg 300w\" sizes=\"(max-width: 536px) 100vw, 536px\" \/>\t\t\t\t\t\t\t\t\t\t\t\t\t<\/div>\n\t\t\t\t<\/div>\n\t\t\t\t<\/div>\n\t\t<div class=\"elementor-element elementor-element-a00434c e-con-full e-flex e-con e-child\" data-id=\"a00434c\" data-element_type=\"container\">\n\t\t\t\t<div class=\"elementor-element elementor-element-ee688c5 elementor-widget elementor-widget-heading\" data-id=\"ee688c5\" data-element_type=\"widget\" data-widget_type=\"heading.default\">\n\t\t\t\t<div class=\"elementor-widget-container\">\n\t\t\t<h2 class=\"elementor-heading-title elementor-size-default\">ADAPAZARI KARAK\u00d6Y PERMANENT HOUSING, TECHNICAL INFRASTRUCTURE\nWORKS PHASE 1 AND 2<\/h2>\t\t<\/div>\n\t\t\t\t<\/div>\n\t\t\t\t<\/div>\n\t\t\t\t\t<\/div>\n\t\t\t\t<\/div>\n\t\t<div class=\"elementor-element elementor-element-d1a3eac e-flex e-con-boxed e-con e-parent\" data-id=\"d1a3eac\" data-element_type=\"container\">\n\t\t\t\t\t<div class=\"e-con-inner\">\n\t\t<div class=\"elementor-element elementor-element-70c30ac e-con-full e-flex e-con e-child\" data-id=\"70c30ac\" data-element_type=\"container\">\n\t\t\t\t<div class=\"elementor-element elementor-element-ae974a1 elementor-widget elementor-widget-image\" data-id=\"ae974a1\" data-element_type=\"widget\" data-widget_type=\"image.default\">\n\t\t\t\t<div class=\"elementor-widget-container\">\n\t\t\t\t\t\t\t\t\t\t\t\t\t<img loading=\"lazy\" decoding=\"async\" width=\"536\" height=\"510\" src=\"https:\/\/www.akturk.com.tr\/wp-content\/uploads\/2024\/09\/altyapi-1.jpg\" class=\"attachment-full size-full wp-image-2619\" alt=\"\" srcset=\"https:\/\/www.akturk.com.tr\/wp-content\/uploads\/2024\/09\/altyapi-1.jpg 536w, https:\/\/www.akturk.com.tr\/wp-content\/uploads\/2024\/09\/altyapi-1-300x285.jpg 300w\" sizes=\"(max-width: 536px) 100vw, 536px\" \/>\t\t\t\t\t\t\t\t\t\t\t\t\t<\/div>\n\t\t\t\t<\/div>\n\t\t\t\t<\/div>\n\t\t<div class=\"elementor-element elementor-element-18fa9f8 e-con-full e-flex e-con e-child\" data-id=\"18fa9f8\" data-element_type=\"container\">\n\t\t\t\t<div class=\"elementor-element elementor-element-215c7f2 elementor-widget elementor-widget-heading\" data-id=\"215c7f2\" data-element_type=\"widget\" data-widget_type=\"heading.default\">\n\t\t\t\t<div class=\"elementor-widget-container\">\n\t\t\t<h2 class=\"elementor-heading-title elementor-size-default\">BOLU PERMANENT HOUSING TECHNICAL INFRASTRUCTURE PROJECT<\/h2>\t\t<\/div>\n\t\t\t\t<\/div>\n\t\t\t\t<\/div>\n\t\t\t\t\t<\/div>\n\t\t\t\t<\/div>\n\t\t<div class=\"elementor-element elementor-element-c06895f e-flex e-con-boxed e-con e-parent\" data-id=\"c06895f\" data-element_type=\"container\">\n\t\t\t\t\t<div class=\"e-con-inner\">\n\t\t<div class=\"elementor-element elementor-element-38eea23 e-con-full e-flex e-con e-child\" data-id=\"38eea23\" data-element_type=\"container\">\n\t\t\t\t<div class=\"elementor-element elementor-element-85a16cf elementor-widget elementor-widget-image\" data-id=\"85a16cf\" data-element_type=\"widget\" data-widget_type=\"image.default\">\n\t\t\t\t<div class=\"elementor-widget-container\">\n\t\t\t\t\t\t\t\t\t\t\t\t\t<img loading=\"lazy\" decoding=\"async\" width=\"538\" height=\"512\" src=\"https:\/\/www.akturk.com.tr\/wp-content\/uploads\/2024\/09\/turkiye-altyapi-ve-yeniden-yapilandirma.jpg\" class=\"attachment-full size-full wp-image-2444\" alt=\"\" srcset=\"https:\/\/www.akturk.com.tr\/wp-content\/uploads\/2024\/09\/turkiye-altyapi-ve-yeniden-yapilandirma.jpg 538w, https:\/\/www.akturk.com.tr\/wp-content\/uploads\/2024\/09\/turkiye-altyapi-ve-yeniden-yapilandirma-300x286.jpg 300w\" sizes=\"(max-width: 538px) 100vw, 538px\" \/>\t\t\t\t\t\t\t\t\t\t\t\t\t<\/div>\n\t\t\t\t<\/div>\n\t\t\t\t<\/div>\n\t\t<div class=\"elementor-element elementor-element-bf1fc20 e-con-full e-flex e-con e-child\" data-id=\"bf1fc20\" data-element_type=\"container\">\n\t\t\t\t<div class=\"elementor-element elementor-element-8a89dd6 elementor-widget elementor-widget-heading\" data-id=\"8a89dd6\" data-element_type=\"widget\" data-widget_type=\"heading.default\">\n\t\t\t\t<div class=\"elementor-widget-container\">\n\t\t\t<h2 class=\"elementor-heading-title elementor-size-default\">TURKEY INFRASTRUCTURE AND URBAN REDEVELOPMENT PROJECT<\/h2>\t\t<\/div>\n\t\t\t\t<\/div>\n\t\t\t\t<div class=\"elementor-element elementor-element-fdb3fea elementor-widget elementor-widget-text-editor\" data-id=\"fdb3fea\" data-element_type=\"widget\" data-widget_type=\"text-editor.default\">\n\t\t\t\t<div class=\"elementor-widget-container\">\n\t\t\t\t\t\t\t<p>The road constructions, sewer lines, stormwater lines, drinking water lines, electrical distribution lines, telecommunications infrastructure, and substation buildings of the SBG-1 package of the Turkey Infrastructure and Urban Redevelopment Project were successfully completed by Akt\u00fcrk \u0130n\u015faat in 2003.<\/p>\t\t\t\t\t\t<\/div>\n\t\t\t\t<\/div>\n\t\t\t\t<\/div>\n\t\t\t\t\t<\/div>\n\t\t\t\t<\/div>\n\t\t<div class=\"elementor-element elementor-element-0ef6ac3 e-flex e-con-boxed e-con e-parent\" data-id=\"0ef6ac3\" data-element_type=\"container\">\n\t\t\t\t\t<div class=\"e-con-inner\">\n\t\t<div class=\"elementor-element elementor-element-c59c000 e-con-full e-flex e-con e-child\" data-id=\"c59c000\" data-element_type=\"container\">\n\t\t\t\t<div class=\"elementor-element elementor-element-b9e72ce elementor-widget elementor-widget-image\" data-id=\"b9e72ce\" data-element_type=\"widget\" data-widget_type=\"image.default\">\n\t\t\t\t<div class=\"elementor-widget-container\">\n\t\t\t\t\t\t\t\t\t\t\t\t\t<img loading=\"lazy\" decoding=\"async\" width=\"538\" height=\"512\" src=\"https:\/\/www.akturk.com.tr\/wp-content\/uploads\/2024\/09\/akpinar-ozel-sanayi-bolgesi.jpg\" class=\"attachment-full size-full wp-image-2442\" alt=\"\" srcset=\"https:\/\/www.akturk.com.tr\/wp-content\/uploads\/2024\/09\/akpinar-ozel-sanayi-bolgesi.jpg 538w, https:\/\/www.akturk.com.tr\/wp-content\/uploads\/2024\/09\/akpinar-ozel-sanayi-bolgesi-300x286.jpg 300w\" sizes=\"(max-width: 538px) 100vw, 538px\" \/>\t\t\t\t\t\t\t\t\t\t\t\t\t<\/div>\n\t\t\t\t<\/div>\n\t\t\t\t<\/div>\n\t\t<div class=\"elementor-element elementor-element-5f73464 e-con-full e-flex e-con e-child\" data-id=\"5f73464\" data-element_type=\"container\">\n\t\t\t\t<div class=\"elementor-element elementor-element-558bbf6 elementor-widget elementor-widget-heading\" data-id=\"558bbf6\" data-element_type=\"widget\" data-widget_type=\"heading.default\">\n\t\t\t\t<div class=\"elementor-widget-container\">\n\t\t\t<h2 class=\"elementor-heading-title elementor-size-default\">AKPINAR SPECIAL INDUSTRIAL ZONE GENERAL INFRASTRUCTURE CONSTRUCTION<\/h2>\t\t<\/div>\n\t\t\t\t<\/div>\n\t\t\t\t<div class=\"elementor-element elementor-element-99997a1 elementor-widget elementor-widget-text-editor\" data-id=\"99997a1\" data-element_type=\"widget\" data-widget_type=\"text-editor.default\">\n\t\t\t\t<div class=\"elementor-widget-container\">\n\t\t\t\t\t\t\t<p>The general infrastructure construction of the Akp\u0131nar Special Industrial Zone in Yass\u0131\u00f6ren Village, \u00c7atalca District of Istanbul, which spans 1,200,000 m\u00b2, was undertaken by Akt\u00fcrk Yap\u0131. The project was completed in May 2008 and included technical infrastructure works such as drinking water, stormwater, wastewater infrastructure, telecommunications infrastructure, stream rehabilitation, culverts, and concrete and asphalt roads, executed by \u0130RE \u0130n\u015faat, a subsidiary of Akt\u00fcrk Yap\u0131.<\/p>\t\t\t\t\t\t<\/div>\n\t\t\t\t<\/div>\n\t\t\t\t<\/div>\n\t\t\t\t\t<\/div>\n\t\t\t\t<\/div>\n\t\t\t\t<\/div>","protected":false},"excerpt":{"rendered":"<p>AS\u0327TI\u0307 \u00c7AY YOLU METRO I\u0307NS\u0327AATI Ankara rayl\u0131 toplu tas\u0327\u0131ma sistemleri AST\u0130-\u00c7ayyolu Metrosu ve 2. Etap ins\u0327aat\u0131, toplam 12.500 m hat uzunlug\u0306una sahip olup, t\u00fcnel ve go kopa sistemle ins\u0327a edilmis\u0327tir. Hat \u00fczerinde yer alan 10 adet yeralt\u0131 istasyonu, \u00e7es\u0327itli t\u00fcneller ve yeralt\u0131 aktarma yap\u0131lan ile son teknolojiye sahip kombine bir metro\u00a0sistemidir. KIZILAY \u00c7AYYOLU \u0130STASYONLARI ARASI<\/p>","protected":false},"author":1,"featured_media":0,"parent":0,"menu_order":0,"comment_status":"closed","ping_status":"closed","template":"elementor_header_footer","meta":{"inline_featured_image":false,"footnotes":""},"class_list":["post-2130","page","type-page","status-publish","hentry"],"_links":{"self":[{"href":"https:\/\/www.akturk.com.tr\/en\/wp-json\/wp\/v2\/pages\/2130","targetHints":{"allow":["GET"]}}],"collection":[{"href":"https:\/\/www.akturk.com.tr\/en\/wp-json\/wp\/v2\/pages"}],"about":[{"href":"https:\/\/www.akturk.com.tr\/en\/wp-json\/wp\/v2\/types\/page"}],"author":[{"embeddable":true,"href":"https:\/\/www.akturk.com.tr\/en\/wp-json\/wp\/v2\/users\/1"}],"replies":[{"embeddable":true,"href":"https:\/\/www.akturk.com.tr\/en\/wp-json\/wp\/v2\/comments?post=2130"}],"version-history":[{"count":48,"href":"https:\/\/www.akturk.com.tr\/en\/wp-json\/wp\/v2\/pages\/2130\/revisions"}],"predecessor-version":[{"id":2750,"href":"https:\/\/www.akturk.com.tr\/en\/wp-json\/wp\/v2\/pages\/2130\/revisions\/2750"}],"wp:attachment":[{"href":"https:\/\/www.akturk.com.tr\/en\/wp-json\/wp\/v2\/media?parent=2130"}],"curies":[{"name":"wp","href":"https:\/\/api.w.org\/{rel}","templated":true}]}}