{"id":2185,"date":"2024-09-26T13:35:21","date_gmt":"2024-09-26T13:35:21","guid":{"rendered":"https:\/\/www.akturk.com.tr\/?page_id=2185"},"modified":"2024-09-30T17:58:28","modified_gmt":"2024-09-30T17:58:28","slug":"hastane-projeleri","status":"publish","type":"page","link":"https:\/\/www.akturk.com.tr\/en\/hastane-projeleri","title":{"rendered":"HOSPITAL PROJECTS"},"content":{"rendered":"<div data-elementor-type=\"wp-page\" data-elementor-id=\"2185\" class=\"elementor elementor-2185\" data-elementor-post-type=\"page\">\n\t\t\t\t<div class=\"elementor-element elementor-element-73908ff e-flex e-con-boxed e-con e-parent\" data-id=\"73908ff\" data-element_type=\"container\">\n\t\t\t\t\t<div class=\"e-con-inner\">\n\t\t<div class=\"elementor-element elementor-element-6b95e4d e-con-full e-flex e-con e-child\" data-id=\"6b95e4d\" data-element_type=\"container\">\n\t\t\t\t<div class=\"elementor-element elementor-element-4ed7ff8 elementor-widget elementor-widget-image\" data-id=\"4ed7ff8\" data-element_type=\"widget\" data-widget_type=\"image.default\">\n\t\t\t\t<div class=\"elementor-widget-container\">\n\t\t\t\t\t\t\t\t\t\t\t\t\t<img fetchpriority=\"high\" decoding=\"async\" width=\"542\" height=\"512\" src=\"https:\/\/www.akturk.com.tr\/wp-content\/uploads\/2024\/09\/osmaniye-devlet-hastanesi.jpg\" class=\"attachment-full size-full wp-image-2455\" alt=\"\" srcset=\"https:\/\/www.akturk.com.tr\/wp-content\/uploads\/2024\/09\/osmaniye-devlet-hastanesi.jpg 542w, https:\/\/www.akturk.com.tr\/wp-content\/uploads\/2024\/09\/osmaniye-devlet-hastanesi-300x283.jpg 300w\" sizes=\"(max-width: 542px) 100vw, 542px\" \/>\t\t\t\t\t\t\t\t\t\t\t\t\t<\/div>\n\t\t\t\t<\/div>\n\t\t\t\t<\/div>\n\t\t<div class=\"elementor-element elementor-element-85997b3 e-con-full e-flex e-con e-child\" data-id=\"85997b3\" data-element_type=\"container\">\n\t\t\t\t<div class=\"elementor-element elementor-element-6e715a3 elementor-widget elementor-widget-heading\" data-id=\"6e715a3\" data-element_type=\"widget\" data-widget_type=\"heading.default\">\n\t\t\t\t<div class=\"elementor-widget-container\">\n\t\t\t<h2 class=\"elementor-heading-title elementor-size-default\">OSMANIYE STATE HOSPITAL<\/h2>\t\t<\/div>\n\t\t\t\t<\/div>\n\t\t\t\t<div class=\"elementor-element elementor-element-7272a1c elementor-widget elementor-widget-text-editor\" data-id=\"7272a1c\" data-element_type=\"widget\" data-widget_type=\"text-editor.default\">\n\t\t\t\t<div class=\"elementor-widget-container\">\n\t\t\t\t\t\t\t<p>The 250-bed Osmaniye State Hospital, built on an area of 24,500 m\u00b2, is equipped with the latest\ntechnology and features five operating rooms and fully equipped services to serve the people of\nOsmaniye<\/p>\t\t\t\t\t\t<\/div>\n\t\t\t\t<\/div>\n\t\t\t\t<\/div>\n\t\t\t\t\t<\/div>\n\t\t\t\t<\/div>\n\t\t\t\t<\/div>","protected":false},"excerpt":{"rendered":"<p>OSMANI\u0307YE DEVLET HASTANESI\u0307 250 yatakl\u0131 Osmaniye Devlet Hastanesi, 24,500 m2 alan \u00fczerinde ins\u0327a edilen, son teknoloji ile donat\u0131lm\u0131s\u0327 5 ameliyathanesi ve tam tes\u0327ekk\u00fcll\u00fc servisleri ile Osmaniye halk\u0131na hizmet vermektedir.<\/p>","protected":false},"author":1,"featured_media":0,"parent":0,"menu_order":0,"comment_status":"closed","ping_status":"closed","template":"elementor_header_footer","meta":{"inline_featured_image":false,"footnotes":""},"class_list":["post-2185","page","type-page","status-publish","hentry"],"_links":{"self":[{"href":"https:\/\/www.akturk.com.tr\/en\/wp-json\/wp\/v2\/pages\/2185","targetHints":{"allow":["GET"]}}],"collection":[{"href":"https:\/\/www.akturk.com.tr\/en\/wp-json\/wp\/v2\/pages"}],"about":[{"href":"https:\/\/www.akturk.com.tr\/en\/wp-json\/wp\/v2\/types\/page"}],"author":[{"embeddable":true,"href":"https:\/\/www.akturk.com.tr\/en\/wp-json\/wp\/v2\/users\/1"}],"replies":[{"embeddable":true,"href":"https:\/\/www.akturk.com.tr\/en\/wp-json\/wp\/v2\/comments?post=2185"}],"version-history":[{"count":13,"href":"https:\/\/www.akturk.com.tr\/en\/wp-json\/wp\/v2\/pages\/2185\/revisions"}],"predecessor-version":[{"id":2566,"href":"https:\/\/www.akturk.com.tr\/en\/wp-json\/wp\/v2\/pages\/2185\/revisions\/2566"}],"wp:attachment":[{"href":"https:\/\/www.akturk.com.tr\/en\/wp-json\/wp\/v2\/media?parent=2185"}],"curies":[{"name":"wp","href":"https:\/\/api.w.org\/{rel}","templated":true}]}}